{"id":830,"date":"2023-05-31T14:24:52","date_gmt":"2023-05-31T14:24:52","guid":{"rendered":"https:\/\/alampron.com\/?post_type=product&#038;p=830"},"modified":"2026-04-13T19:34:18","modified_gmt":"2026-04-13T19:34:18","slug":"onde-denergie-vendue","status":"publish","type":"product","link":"https:\/\/alampron.com\/english\/product\/onde-denergie-vendue\/","title":{"rendered":"\u00abOnde d'\u00c9nergie\u00bb VENDUE"},"content":{"rendered":"<p>\u00abOnde d'\u00c9nergie\u00bb<\/p>\n<p>&nbsp;<\/p>\n<p>Peinture naturelle dont charbon, pierre &amp; fil sur toile<\/p>\n<p>20 x 40 pouces<\/p>\n<p>VENDUE<\/p>\n<p>&nbsp;<\/p>\n<p>11 arbres seront plant\u00e9s pour cette \u0153uvre et 3% de son prix seront vers\u00e9s au profit de la protection de la faune<br \/>\nLivraison gratuite par voiture \u00e9lectrique si vous habitez dans un rayon d'une heure de Berthier-Sur-Mer<\/p>","protected":false},"excerpt":{"rendered":"<p>\u00abOnde d'\u00c9nergie\u00bb &nbsp; Peinture naturelle dont charbon, pierre &amp; fil sur toile 20 x 40 pouces VENDUE &nbsp; 11 arbres seront plant\u00e9s pour cette \u0153uvre et 3% de son prix seront vers\u00e9s au profit de la protection de la faune Livraison gratuite par voiture \u00e9lectrique si vous habitez dans un rayon d'une heure de Berthier-Sur-Mer<\/p>","protected":false},"featured_media":831,"comment_status":"open","ping_status":"closed","template":"","meta":{"_acf_changed":false,"_monsterinsights_skip_tracking":false,"_monsterinsights_sitenote_active":false,"_monsterinsights_sitenote_note":"","_monsterinsights_sitenote_category":0},"product_brand":[],"product_cat":[30],"product_tag":[],"class_list":{"0":"post-830","1":"product","2":"type-product","3":"status-publish","4":"has-post-thumbnail","6":"product_cat-a-peintures-naturelles","8":"first","9":"outofstock","10":"sold-individually","11":"taxable","12":"shipping-taxable","13":"product-type-simple"},"acf":[],"aioseo_notices":[],"jetpack_sharing_enabled":true,"_links":{"self":[{"href":"https:\/\/alampron.com\/english\/wp-json\/wp\/v2\/product\/830","targetHints":{"allow":["GET"]}}],"collection":[{"href":"https:\/\/alampron.com\/english\/wp-json\/wp\/v2\/product"}],"about":[{"href":"https:\/\/alampron.com\/english\/wp-json\/wp\/v2\/types\/product"}],"replies":[{"embeddable":true,"href":"https:\/\/alampron.com\/english\/wp-json\/wp\/v2\/comments?post=830"}],"wp:featuredmedia":[{"embeddable":true,"href":"https:\/\/alampron.com\/english\/wp-json\/wp\/v2\/media\/831"}],"wp:attachment":[{"href":"https:\/\/alampron.com\/english\/wp-json\/wp\/v2\/media?parent=830"}],"wp:term":[{"taxonomy":"product_brand","embeddable":true,"href":"https:\/\/alampron.com\/english\/wp-json\/wp\/v2\/product_brand?post=830"},{"taxonomy":"product_cat","embeddable":true,"href":"https:\/\/alampron.com\/english\/wp-json\/wp\/v2\/product_cat?post=830"},{"taxonomy":"product_tag","embeddable":true,"href":"https:\/\/alampron.com\/english\/wp-json\/wp\/v2\/product_tag?post=830"}],"curies":[{"name":"wp","href":"https:\/\/api.w.org\/{rel}","templated":true}]}}