{"id":1473,"date":"2025-05-26T06:00:23","date_gmt":"2025-05-26T06:00:23","guid":{"rendered":"https:\/\/alampron.com\/?post_type=product&#038;p=1473"},"modified":"2026-04-30T10:55:59","modified_gmt":"2026-04-30T10:55:59","slug":"la-fabuleuse","status":"publish","type":"product","link":"https:\/\/alampron.com\/english\/product\/la-fabuleuse\/","title":{"rendered":"\u00abLa fabuleuse\u00bb VENDUE"},"content":{"rendered":"<p>La seconde<br \/>\nTout juste avant que l'incroyable se produise<br \/>\nAussi naturellement que le jour se l\u00e8ve<\/p>\n<p>Cette fabuleuse seconde<br \/>\nO\u00f9 tout est calme<br \/>\nLa magie est palpable dans l'air<\/p>\n<p>On le sait<br \/>\nOn le sent<\/p>\n<p>Cet instant m\u00e9morable<br \/>\nO\u00f9 notre future r\u00e9alis\u00e9<br \/>\nEst encore un voile translucide<br \/>\nQui attend d'\u00eatre concr\u00e9tis\u00e9<\/p>\n<p>&nbsp;<\/p>\n<p>\u00abLa fabuleuse\u00bb est peinte \u00e0 l'huile avec pigments naturels tels que du charbon et de la pierre<br \/>\nSur canevas de toile avec une touche de broderie et un extrait de po\u00e9sie<br \/>\nLe format de \u00abLa fabuleuse\u00bb est 48 x 36 pouces<\/p>\n<p>&nbsp;<\/p>\n<p class=\"translation-block\">11 trees will be planted for this work and 3% of its value will be donated to a wildlife protection organization.\nFree delivery by electric car if you live within a one-hour radius of Berthier-Sur-Mer<\/p>","protected":false},"excerpt":{"rendered":"<p>La seconde Tout juste avant que l'incroyable se produise Aussi naturellement que le jour se l\u00e8ve Cette fabuleuse seconde O\u00f9 tout est calme La magie est palpable dans l'air On le sait On le sent Cet instant m\u00e9morable O\u00f9 notre future r\u00e9alis\u00e9 Est encore un voile translucide Qui attend d'\u00eatre concr\u00e9tis\u00e9 &nbsp; \u00abLa fabuleuse\u00bb est [&hellip;]<\/p>\n","protected":false},"featured_media":1578,"comment_status":"open","ping_status":"closed","template":"","meta":{"_acf_changed":false,"_monsterinsights_skip_tracking":false,"_monsterinsights_sitenote_active":false,"_monsterinsights_sitenote_note":"","_monsterinsights_sitenote_category":0},"product_brand":[],"product_cat":[30],"product_tag":[],"class_list":{"0":"post-1473","1":"product","2":"type-product","3":"status-publish","4":"has-post-thumbnail","6":"product_cat-a-peintures-naturelles","8":"first","9":"outofstock","10":"sold-individually","11":"taxable","12":"shipping-taxable","13":"product-type-simple"},"acf":[],"aioseo_notices":[],"jetpack_sharing_enabled":true,"_links":{"self":[{"href":"https:\/\/alampron.com\/english\/wp-json\/wp\/v2\/product\/1473","targetHints":{"allow":["GET"]}}],"collection":[{"href":"https:\/\/alampron.com\/english\/wp-json\/wp\/v2\/product"}],"about":[{"href":"https:\/\/alampron.com\/english\/wp-json\/wp\/v2\/types\/product"}],"replies":[{"embeddable":true,"href":"https:\/\/alampron.com\/english\/wp-json\/wp\/v2\/comments?post=1473"}],"wp:featuredmedia":[{"embeddable":true,"href":"https:\/\/alampron.com\/english\/wp-json\/wp\/v2\/media\/1578"}],"wp:attachment":[{"href":"https:\/\/alampron.com\/english\/wp-json\/wp\/v2\/media?parent=1473"}],"wp:term":[{"taxonomy":"product_brand","embeddable":true,"href":"https:\/\/alampron.com\/english\/wp-json\/wp\/v2\/product_brand?post=1473"},{"taxonomy":"product_cat","embeddable":true,"href":"https:\/\/alampron.com\/english\/wp-json\/wp\/v2\/product_cat?post=1473"},{"taxonomy":"product_tag","embeddable":true,"href":"https:\/\/alampron.com\/english\/wp-json\/wp\/v2\/product_tag?post=1473"}],"curies":[{"name":"wp","href":"https:\/\/api.w.org\/{rel}","templated":true}]}}