{"id":1121,"date":"2026-04-13T19:33:43","date_gmt":"2026-04-13T19:33:43","guid":{"rendered":"https:\/\/alampron.com\/?post_type=product&#038;p=1121"},"modified":"2026-04-13T19:33:43","modified_gmt":"2026-04-13T19:33:43","slug":"serenite","status":"publish","type":"product","link":"https:\/\/alampron.com\/english\/product\/serenite\/","title":{"rendered":"\u00abS\u00e9r\u00e9nit\u00e9\u00bb  SOLD"},"content":{"rendered":"<div class=\"page\" title=\"Page 1\">\n<div class=\"layoutArea\">\n<div class=\"column\">\n<p class=\"translation-block\">A wild serenity<br>\nTakes hold of us,<br>\nLike a heavy coat<br>\nOn our thoughts,<\/p>\n<p class=\"translation-block\">Our eyes staring at the sky<br>\nTo admire its night light<br>\nAnd its muffled silence<\/p>\n<p class=\"translation-block\">Hier n\u2019existe plus,<br>\r\nDemain n\u2019est pas encore vrai...<\/p>\n<\/div>\n<\/div>\n<\/div>\n<p>&nbsp;<\/p>\n<p>Peintes en \u00e2mes soeurs, \u00abS\u00e9r\u00e9nit\u00e9\u00bb et \u00abCalme sauvage\u00bb sont compos\u00e9es de la m\u00eame palette de couleurs et cr\u00e9\u00e9es \u00e0 partir de la m\u00eame inspiration.<br \/>\nElles sont peintes \u00e0 l'huile avec pigments naturels tels que du charbon et de la pierre<br \/>\nSur canevas de toile avec insertions de fil et po\u00e9sie<br \/>\nLe format de \u00abS\u00e9r\u00e9nit\u00e9\u00bb est 30 x 60 pouces<\/p>\n<p>&nbsp;<\/p>\n<p class=\"translation-block\">11 trees will be planted for this work and 3% of its value will be donated to a wildlife protection organization.\nFree delivery by electric car if you live within a one-hour radius of Berthier-Sur-Mer<\/p>","protected":false},"excerpt":{"rendered":"<p>Une se\u0301re\u0301nite\u0301 sauvage S\u2019empare de nous, Comme un lourd manteau Sur nos pense\u0301es, Nos yeux fixant le ciel Pour admirer sa lumie\u0300re nocturne Et son silence feutre\u0301 Hier n\u2019existe plus, Demain n\u2019est pas encore vrai... &nbsp; Peintes en \u00e2mes soeurs, \u00abS\u00e9r\u00e9nit\u00e9\u00bb et \u00abCalme sauvage\u00bb sont compos\u00e9es de la m\u00eame palette de couleurs et cr\u00e9\u00e9es \u00e0 [&hellip;]<\/p>\n","protected":false},"featured_media":1128,"comment_status":"open","ping_status":"closed","template":"","meta":{"_acf_changed":false,"_monsterinsights_skip_tracking":false,"_monsterinsights_sitenote_active":false,"_monsterinsights_sitenote_note":"","_monsterinsights_sitenote_category":0},"product_brand":[],"product_cat":[30],"product_tag":[],"class_list":{"0":"post-1121","1":"product","2":"type-product","3":"status-publish","4":"has-post-thumbnail","6":"product_cat-a-peintures-naturelles","8":"first","9":"outofstock","10":"sold-individually","11":"taxable","12":"shipping-taxable","13":"product-type-simple"},"acf":[],"aioseo_notices":[],"jetpack_sharing_enabled":true,"_links":{"self":[{"href":"https:\/\/alampron.com\/english\/wp-json\/wp\/v2\/product\/1121","targetHints":{"allow":["GET"]}}],"collection":[{"href":"https:\/\/alampron.com\/english\/wp-json\/wp\/v2\/product"}],"about":[{"href":"https:\/\/alampron.com\/english\/wp-json\/wp\/v2\/types\/product"}],"replies":[{"embeddable":true,"href":"https:\/\/alampron.com\/english\/wp-json\/wp\/v2\/comments?post=1121"}],"wp:featuredmedia":[{"embeddable":true,"href":"https:\/\/alampron.com\/english\/wp-json\/wp\/v2\/media\/1128"}],"wp:attachment":[{"href":"https:\/\/alampron.com\/english\/wp-json\/wp\/v2\/media?parent=1121"}],"wp:term":[{"taxonomy":"product_brand","embeddable":true,"href":"https:\/\/alampron.com\/english\/wp-json\/wp\/v2\/product_brand?post=1121"},{"taxonomy":"product_cat","embeddable":true,"href":"https:\/\/alampron.com\/english\/wp-json\/wp\/v2\/product_cat?post=1121"},{"taxonomy":"product_tag","embeddable":true,"href":"https:\/\/alampron.com\/english\/wp-json\/wp\/v2\/product_tag?post=1121"}],"curies":[{"name":"wp","href":"https:\/\/api.w.org\/{rel}","templated":true}]}}