{"id":14,"date":"2021-09-21T21:07:20","date_gmt":"2021-09-21T21:07:20","guid":{"rendered":"http:\/\/alampronartiste.volcan.design\/?page_id=14"},"modified":"2021-11-01T22:29:08","modified_gmt":"2021-11-01T22:29:08","slug":"blog","status":"publish","type":"page","link":"https:\/\/alampron.com\/english\/blog\/","title":{"rendered":"BLOG"},"content":{"rendered":"<section id=\"section-2-14\" class=\" ct-section alt-bg-color\" ><div class=\"ct-section-inner-wrap\"><h2 id=\"headline-3-14\" class=\"ct-headline atomic-secondary-heading\">BLOG<\/h2><h1 id=\"headline-4-14\" class=\"ct-headline h2\">D\u00e9couvrez le monde derri\u00e8re mon travail!<\/h1>        \n                <div id=\"_posts_grid-5-14\" class='oxy-easy-posts oxy-posts-grid' >\n                                    <div class='oxy-posts'>\n                     <div class='oxy-post'>\n  \n    <a class='oxy-post-image' href='https:\/\/alampron.com\/english\/nouvelle-demarche-peinture-naturelle-et-fil\/'>\n\t\t\n\t\t      <div class='oxy-post-image-fixed-ratio' style='background-image: url(https:\/\/alampron.com\/wp-content\/uploads\/2023\/04\/DSC07368-scaled.jpg);'>\n      <\/div>\n      \n   \n\t\n\t\t\n\t\t\n\t<\/a>\n   <div class='date'>\n\t\tMay 31, 2023\t  <\/div>\n\t<a class='oxy-post-title' href='https:\/\/alampron.com\/english\/nouvelle-demarche-peinture-naturelle-et-fil\/'>Nouvelle D\u00e9marche : Peinture Naturelle et Fil<\/a>\n\n\t<div class='oxy-post-meta'>\n\n\t<\/div>\n\n\t<div class='oxy-post-content'>\n\t\t<p>Mes sources d\u2019inspiration sont n\u00e9es d\u2019un grand amour de la nature\u00a0: un arbre solitaire, le ciel sous tous ses \u00e9tats, l\u2019\u00e9nergie de la flore, les ph\u00e9nom\u00e8nes m\u00e9t\u00e9orologiques, les reliefs et les textures d\u2019un paysage remplissent tous ses cahiers de croquis. \u00c7a prend tout son sens avec une technique qui respecte d'autant plus l'environnement, avec attention [&hellip;]<\/p>\n\t<\/div>\n\n\t<a href='https:\/\/alampron.com\/english\/nouvelle-demarche-peinture-naturelle-et-fil\/' class='oxy-read-more'>LIRE<\/a>\n\n<\/div> <div class='oxy-post'>\n  \n    <a class='oxy-post-image' href='https:\/\/alampron.com\/english\/pourquoi-planter-des-arbres\/'>\n\t\t\n\t\t      <div class='oxy-post-image-fixed-ratio' style='background-image: url(https:\/\/alampron.com\/wp-content\/uploads\/2021\/09\/Arbes_Carre-scaled.jpg);'>\n      <\/div>\n      \n   \n\t\n\t\t\n\t\t\n\t<\/a>\n   <div class='date'>\n\t\tNovember 1, 2021\t  <\/div>\n\t<a class='oxy-post-title' href='https:\/\/alampron.com\/english\/pourquoi-planter-des-arbres\/'>Pourquoi planter des arbres et prot\u00e9ger la faune?<\/a>\n\n\t<div class='oxy-post-meta'>\n\n\t<\/div>\n\n\t<div class='oxy-post-content'>\n\t\t<p>Depuis que je suis toute petite, la nature est un endroit pr\u00e9cieux o\u00f9 je peux jouer, me reposer, r\u00e9fl\u00e9chir ou me vider la t\u00eate, bref, me retrouver. Elle est ma source d\u2019inspiration la plus \u00e9nergisante et la beaut\u00e9 de  ...<\/p>\n\t<\/div>\n\n\t<a href='https:\/\/alampron.com\/english\/pourquoi-planter-des-arbres\/' class='oxy-read-more'>LIRE<\/a>\n\n<\/div> <div class='oxy-post'>\n  \n    <a class='oxy-post-image' href='https:\/\/alampron.com\/english\/demarche\/'>\n\t\t\n\t\t      <div class='oxy-post-image-fixed-ratio' style='background-image: url(https:\/\/alampron.com\/wp-content\/uploads\/2021\/09\/Demarche_Carre-scaled.jpg);'>\n      <\/div>\n      \n   \n\t\n\t\t\n\t\t\n\t<\/a>\n   <div class='date'>\n\t\tOctober 11, 2021\t  <\/div>\n\t<a class='oxy-post-title' href='https:\/\/alampron.com\/english\/demarche\/'>Ancienne D\u00e9marche sur Aluminium<\/a>\n\n\t<div class='oxy-post-meta'>\n\n\t<\/div>\n\n\t<div class='oxy-post-content'>\n\t\t<p>Sur mon canevas, on retrouve un jeu de lumi\u00e8re en constant mouvement selon le cycle du soleil.<br \/>\nL\u2019aluminium n\u2019est effectivement pas un mat\u00e9riau qui a \u00e9t\u00e9 choisi au hasard. Ses nombreuses caract\u00e9ristiques en font peut-\u00eatre un canevas capricieux ...<\/p>\n\t<\/div>\n\n\t<a href='https:\/\/alampron.com\/english\/demarche\/' class='oxy-read-more'>LIRE<\/a>\n\n<\/div> <div class='oxy-post'>\n  \n    <a class='oxy-post-image' href='https:\/\/alampron.com\/english\/cheminement\/'>\n\t\t\n\t\t      <div class='oxy-post-image-fixed-ratio' style='background-image: url(https:\/\/alampron.com\/wp-content\/uploads\/2021\/09\/Cheminement_carre-scaled.jpg);'>\n      <\/div>\n      \n   \n\t\n\t\t\n\t\t\n\t<\/a>\n   <div class='date'>\n\t\tSeptember 2, 2021\t  <\/div>\n\t<a class='oxy-post-title' href='https:\/\/alampron.com\/english\/cheminement\/'>Cheminement<\/a>\n\n\t<div class='oxy-post-meta'>\n\n\t<\/div>\n\n\t<div class='oxy-post-content'>\n\t\t<p>N\u00e9e en 1991 sur la rive-sud de Qu\u00e9bec, j\u2019ai grandi \u00e0 quelques pas d\u2019une grande for\u00eat aux c\u00f4t\u00e9s de mes grandes s\u0153urs jumelles. Mes 25 ans de sports artistiques m\u2019ont permis de d\u00e9velopper une grande connaissance de mon corps et une \u00e9ternelle fascination pour les couleurs ...<\/p>\n\t<\/div>\n\n\t<a href='https:\/\/alampron.com\/english\/cheminement\/' class='oxy-read-more'>LIRE<\/a>\n\n<\/div>                <\/div>\n                                <div class='oxy-easy-posts-pages'>\n                                    <\/div>\n                                            <\/div>\n                <\/div><\/section>","protected":false},"excerpt":{"rendered":"","protected":false},"author":1,"featured_media":0,"parent":0,"menu_order":0,"comment_status":"closed","ping_status":"closed","template":"","meta":{"_acf_changed":false,"_monsterinsights_skip_tracking":false,"_monsterinsights_sitenote_active":false,"_monsterinsights_sitenote_note":"","_monsterinsights_sitenote_category":0,"footnotes":""},"class_list":["post-14","page","type-page","status-publish","hentry"],"acf":[],"aioseo_notices":[],"jetpack_sharing_enabled":true,"_links":{"self":[{"href":"https:\/\/alampron.com\/english\/wp-json\/wp\/v2\/pages\/14","targetHints":{"allow":["GET"]}}],"collection":[{"href":"https:\/\/alampron.com\/english\/wp-json\/wp\/v2\/pages"}],"about":[{"href":"https:\/\/alampron.com\/english\/wp-json\/wp\/v2\/types\/page"}],"author":[{"embeddable":true,"href":"https:\/\/alampron.com\/english\/wp-json\/wp\/v2\/users\/1"}],"replies":[{"embeddable":true,"href":"https:\/\/alampron.com\/english\/wp-json\/wp\/v2\/comments?post=14"}],"version-history":[{"count":3,"href":"https:\/\/alampron.com\/english\/wp-json\/wp\/v2\/pages\/14\/revisions"}],"predecessor-version":[{"id":120,"href":"https:\/\/alampron.com\/english\/wp-json\/wp\/v2\/pages\/14\/revisions\/120"}],"wp:attachment":[{"href":"https:\/\/alampron.com\/english\/wp-json\/wp\/v2\/media?parent=14"}],"curies":[{"name":"wp","href":"https:\/\/api.w.org\/{rel}","templated":true}]}}